{"id":3,"date":"2023-11-05T18:05:42","date_gmt":"2023-11-05T18:05:42","guid":{"rendered":"https:\/\/judgeapps.com\/?page_id=3"},"modified":"2025-12-09T16:00:44","modified_gmt":"2025-12-09T19:00:44","slug":"privacy-policy","status":"publish","type":"page","link":"https:\/\/judgeapps.com\/pl\/privacy-policy\/","title":{"rendered":"Polityka prywatno\u015bci"},"content":{"rendered":"<p>Twoja prywatno\u015b\u0107 jest dla nas wa\u017cna. To nasza polityka. <strong>JudgeApps<\/strong> Szanujemy Twoj\u0105 prywatno\u015b\u0107 w kontek\u015bcie wszelkich informacji, kt\u00f3re mo\u017cemy gromadzi\u0107 w trakcie funkcjonowania naszej witryny internetowej. <a href=\"https:\/\/judgeapps.com\/pl\/\">https:\/\/judgeapps.com<\/a> oraz inne witryny internetowe, kt\u00f3re s\u0105 nasz\u0105 w\u0142asno\u015bci\u0105 i kt\u00f3re obs\u0142ugujemy.<\/p>\n\n\n\n<p>\u017b\u0105damy podania danych osobowych tylko wtedy, gdy jest to rzeczywi\u015bcie niezb\u0119dne do \u015bwiadczenia Ci us\u0142ugi. Robimy to uczciwie i zgodnie z prawem, za Twoj\u0105 wiedz\u0105 i zgod\u0105. Informujemy Ci\u0119 r\u00f3wnie\u017c, dlaczego je zbieramy i jak b\u0119d\u0105 one wykorzystywane.<\/p>\n\n\n\n<p>Zebrane informacje przechowujemy tylko tak d\u0142ugo, jak jest to konieczne do \u015bwiadczenia \u017c\u0105danej us\u0142ugi. Przechowuj\u0105c dane, chronimy je za pomoc\u0105 komercyjnie akceptowalnych \u015brodk\u00f3w, aby zapobiec ich utracie, kradzie\u017cy, nieautoryzowanemu dost\u0119powi, ujawnieniu, kopiowaniu, niew\u0142a\u015bciwemu wykorzystaniu lub modyfikacji.<\/p>\n\n\n\n<p>Nie udost\u0119pniamy danych osobowych publicznie ani osobom trzecim, chyba \u017ce wymaga tego prawo.<\/p>\n\n\n\n<p>Nasza strona internetowa mo\u017ce zawiera\u0107 linki do stron zewn\u0119trznych, kt\u00f3re nie s\u0105 przez nas obs\u0142ugiwane. Prosimy pami\u0119ta\u0107, \u017ce nie mamy kontroli nad tre\u015bci\u0105 ani praktykami stosowanymi na tych stronach i nie ponosimy odpowiedzialno\u015bci za ich polityk\u0119 prywatno\u015bci.<\/p>\n\n\n\n<p>Masz prawo odm\u00f3wi\u0107 podania danych osobowych, rozumiej\u0105c, \u017ce mo\u017cemy nie by\u0107 w stanie dostarczy\u0107 Ci niekt\u00f3rych us\u0142ug, kt\u00f3rych potrzebujesz.<\/p>\n\n\n\n<p>Dalsze korzystanie z naszej strony internetowej b\u0119dzie r\u00f3wnoznaczne z akceptacj\u0105 naszych praktyk dotycz\u0105cych prywatno\u015bci i danych osobowych. W przypadku pyta\u0144 dotycz\u0105cych sposobu przetwarzania danych osobowych prosimy o kontakt.<\/p>\n\n\n\n<hr class=\"wp-block-separator has-alpha-channel-opacity\"\/>\n\n\n\n<h2 class=\"wp-block-heading\">Bezpiecze\u0144stwo i niezawodno\u015b\u0107 witryny JudgeApps<\/h2>\n\n\n\n<p>Strona internetowa <strong>JudgeApps<\/strong> Przegl\u0105danie witryny jest bezpieczne i niezawodne dla u\u017cytkownik\u00f3w, co potwierdzaj\u0105 kontrole bezpiecze\u0144stwa. Strona jest okresowo sprawdzana w celu wykrycia potencjalnych zagro\u017ce\u0144 bezpiecze\u0144stwa. Przegl\u0105danie zweryfikowane przez narz\u0119dzia bezpiecze\u0144stwa, takie jak Google Safe Browsing, oznacza, \u017ce witryna jest bezpieczna.<\/p>\n\n\n\n<hr class=\"wp-block-separator has-alpha-channel-opacity\"\/>\n\n\n\n<h2 class=\"wp-block-heading\">Polityka plik\u00f3w cookie JudgeApps<\/h2>\n\n\n\n<h3 class=\"wp-block-heading\">Czym s\u0105 pliki cookie?<\/h3>\n\n\n\n<p>Zgodnie z powszechn\u0105 praktyk\u0105 stosowan\u0105 w przypadku niemal wszystkich profesjonalnych stron internetowych, ta witryna wykorzystuje pliki cookie \u2013 niewielkie pliki pobierane na Tw\u00f3j komputer \u2013 w celu poprawy komfortu u\u017cytkowania. Na tej stronie opisano, jakie informacje s\u0105 gromadzone, jak je wykorzystujemy i dlaczego czasami konieczne jest przechowywanie tych plik\u00f3w cookie. Wyja\u015bniamy r\u00f3wnie\u017c, jak mo\u017cna zapobiec przechowywaniu tych plik\u00f3w cookie, chocia\u017c mo\u017ce to mie\u0107 wp\u0142yw na niekt\u00f3re funkcje witryny lub je \u201cuniemo\u017cliwi\u0107\u201d.<\/p>\n\n\n\n<hr class=\"wp-block-separator has-alpha-channel-opacity\"\/>\n\n\n\n<h3 class=\"wp-block-heading\">Jak u\u017cywamy plik\u00f3w cookie<\/h3>\n\n\n\n<p>U\u017cywamy plik\u00f3w cookie z r\u00f3\u017cnych powod\u00f3w, kt\u00f3re szczeg\u00f3\u0142owo opisano poni\u017cej. Niestety, w wi\u0119kszo\u015bci przypadk\u00f3w nie ma standardowych w bran\u017cy opcji wy\u0142\u0105czania plik\u00f3w cookie bez ca\u0142kowitego wy\u0142\u0105czenia funkcjonalno\u015bci i funkcji, kt\u00f3re dodaj\u0105 do witryny. Zalecamy pozostawienie wszystkich plik\u00f3w cookie w\u0142\u0105czonych, chyba \u017ce masz pewno\u015b\u0107, \u017ce ich nie potrzebujesz, poniewa\u017c mog\u0105 by\u0107 niezb\u0119dne do \u015bwiadczenia niekt\u00f3rych us\u0142ug, z kt\u00f3rych korzystasz.<\/p>\n\n\n\n<hr class=\"wp-block-separator has-alpha-channel-opacity\"\/>\n\n\n\n<h3 class=\"wp-block-heading\">Wy\u0142\u0105czanie plik\u00f3w cookie<\/h3>\n\n\n\n<p>Mo\u017cesz zablokowa\u0107 zapisywanie plik\u00f3w cookie, zmieniaj\u0105c ustawienia w swojej przegl\u0105darce (wi\u0119cej informacji znajdziesz w sekcji \u201cPomoc\u201d przegl\u0105darki). Pami\u0119taj jednak, \u017ce wy\u0142\u0105czenie plik\u00f3w cookie wp\u0142ynie na funkcjonalno\u015b\u0107 tej i wielu innych odwiedzanych przez Ciebie stron internetowych. Wy\u0142\u0105czenie plik\u00f3w cookie zazwyczaj powoduje wy\u0142\u0105czenie niekt\u00f3rych funkcji i mo\u017cliwo\u015bci witryny. Dlatego zalecamy, aby tego nie robi\u0107.<\/p>\n\n\n\n<hr class=\"wp-block-separator has-alpha-channel-opacity\"\/>\n\n\n\n<h3 class=\"wp-block-heading\">Pliki cookie, kt\u00f3rych u\u017cywamy<\/h3>\n\n\n\n<p><strong>Pliki cookie zwi\u0105zane z kontem<\/strong><br>Je\u015bli utworzysz u nas konto, b\u0119dziemy u\u017cywa\u0107 plik\u00f3w cookie do zarz\u0105dzania procesem rejestracji i og\u00f3lnym zarz\u0105dzaniem. Te pliki cookie s\u0105 zazwyczaj usuwane po wylogowaniu si\u0119 z konta, ale w niekt\u00f3rych przypadkach mog\u0105 pozosta\u0107, aby zapami\u0119ta\u0107 Twoje preferencje po wylogowaniu.<\/p>\n\n\n\n<p><strong>Pliki cookie logowania<\/strong><br>U\u017cywamy plik\u00f3w cookie podczas logowania, aby zapami\u0119ta\u0107 t\u0119 czynno\u015b\u0107. Dzi\u0119ki temu nie musisz logowa\u0107 si\u0119 za ka\u017cdym razem, gdy odwiedzasz now\u0105 stron\u0119. Te pliki cookie s\u0105 zazwyczaj usuwane lub czyszczone po wylogowaniu, co zapewnia, \u017ce dost\u0119p do obszar\u00f3w o ograniczonym dost\u0119pie jest mo\u017cliwy tylko po zalogowaniu.<\/p>\n\n\n\n<p><strong>Pliki cookie newslettera<\/strong><br>Ta strona internetowa mo\u017ce oferowa\u0107 us\u0142ugi subskrypcji newslettera lub wiadomo\u015bci e-mail z informacjami. Pliki cookie mog\u0105 by\u0107 u\u017cywane do zapami\u0119tywania, czy jeste\u015b ju\u017c zapisany, a tak\u017ce do wy\u015bwietlania okre\u015blonych powiadomie\u0144, kt\u00f3re s\u0105 wa\u017cne wy\u0142\u0105cznie dla u\u017cytkownik\u00f3w zapisanych lub niewypisanych.<\/p>\n\n\n\n<p><strong>Pliki cookie przetwarzania zam\u00f3wie\u0144<\/strong><br>Je\u015bli witryna internetowa oferuje funkcje p\u0142atno\u015bci lub handlu elektronicznego, niekt\u00f3re pliki cookie s\u0105 niezb\u0119dne, aby zapewni\u0107 zapami\u0119tywanie zam\u00f3wienia podczas prze\u0142\u0105czania si\u0119 mi\u0119dzy stronami, co pozwala na jego prawid\u0142owe przetwarzanie.<\/p>\n\n\n\n<p><strong>Wyszukaj pliki cookie<\/strong><br>Okresowo mo\u017cemy oferowa\u0107 ankiety i kwestionariusze, aby dostarczy\u0107 u\u017cytecznych informacji lub lepiej zrozumie\u0107 nasz\u0105 baz\u0119 u\u017cytkownik\u00f3w. Te pliki cookie mog\u0105 zapami\u0119tywa\u0107, kto ju\u017c wzi\u0105\u0142 udzia\u0142 w ankiecie, lub dostarcza\u0107 dok\u0142adne wyniki podczas nawigacji mi\u0119dzy stronami.<\/p>\n\n\n\n<p><strong>Pliki cookie formularza<\/strong><br>Gdy przesy\u0142asz dane za po\u015brednictwem formularzy (takich jak formularze kontaktowe lub formularze komentarzy), mog\u0105 zosta\u0107 ustawione pliki cookie, kt\u00f3re zapami\u0119taj\u0105 Twoje dane u\u017cytkownika na potrzeby przysz\u0142ych interakcji.<\/p>\n\n\n\n<p><strong>Pliki cookie preferencji witryny<\/strong><br>Aby zapewni\u0107 Ci wspania\u0142e wra\u017cenia, umo\u017cliwiamy Ci ustawienie preferencji dotycz\u0105cych sposobu dzia\u0142ania witryny. Aby zapami\u0119ta\u0107 te preferencje, musimy ustawi\u0107 pliki cookie, kt\u00f3re przechowuj\u0105 te informacje i automatycznie je stosuj\u0105, gdy ponownie wejdziesz na stron\u0119.<\/p>\n\n\n\n<hr class=\"wp-block-separator has-alpha-channel-opacity\"\/>\n\n\n\n<h3 class=\"wp-block-heading\">Pliki cookie stron trzecich<\/h3>\n\n\n\n<p>W niekt\u00f3rych szczeg\u00f3lnych przypadkach wykorzystujemy r\u00f3wnie\u017c pliki cookie dostarczane przez zaufane strony trzecie.<br>Na przyk\u0142ad ta strona internetowa u\u017cywa <strong>Google Analytics<\/strong>, To jedno z najcz\u0119\u015bciej u\u017cywanych i najbardziej zaufanych narz\u0119dzi analitycznych w internecie, kt\u00f3re pomaga nam zrozumie\u0107, w jaki spos\u00f3b korzystasz z witryny i jak mo\u017cemy ulepszy\u0107 Twoje do\u015bwiadczenia. Te pliki cookie mog\u0105 \u015bledzi\u0107 czas sp\u0119dzony na stronie i odwiedzane przez Ciebie strony, pomagaj\u0105c nam tworzy\u0107 bardziej trafne tre\u015bci.<\/p>\n\n\n\n<p>Wi\u0119cej informacji na temat plik\u00f3w cookie Google Analytics znajdziesz w [linku do polityki plik\u00f3w cookie]. <a href=\"https:\/\/www.google.com\/settings\/ads\">Oficjalna strona Google Analytics.<\/a><\/p>\n\n\n\n<p>Narz\u0119dzia analityczne stron trzecich s\u0142u\u017c\u0105 do pomiaru wykorzystania tej witryny internetowej, co pozwala nam stale zapewnia\u0107 lepsze do\u015bwiadczenia u\u017cytkownika.<br>Ponadto testujemy nowe funkcje i wprowadzamy drobne zmiany w sposobie prezentacji witryny. Podczas tych test\u00f3w pliki cookie mog\u0105 by\u0107 u\u017cywane w celu zapewnienia sp\u00f3jnego dzia\u0142ania witryny i zrozumienia, kt\u00f3re optymalizacje preferuj\u0105 u\u017cytkownicy.<\/p>\n\n\n\n<p>Poniewa\u017c mo\u017cemy oferowa\u0107 produkty lub us\u0142ugi, wa\u017cne jest, aby zna\u0107 statystyki dotycz\u0105ce liczby odwiedzaj\u0105cych, kt\u00f3rzy faktycznie podejmuj\u0105 dzia\u0142ania na stronie. Dane te pomagaj\u0105 nam podejmowa\u0107 strategiczne decyzje i dostosowywa\u0107 koszty reklamy, zapewniaj\u0105c zawsze najlepsze mo\u017cliwe do\u015bwiadczenia u\u017cytkownik\u00f3w.<\/p>\n\n\n\n<hr class=\"wp-block-separator has-alpha-channel-opacity\"\/>\n\n\n\n<h2 class=\"wp-block-heading\">Zaanga\u017cowanie u\u017cytkownika<\/h2>\n\n\n\n<p>U\u017cytkownik wyra\u017ca zgod\u0119 na w\u0142a\u015bciwe wykorzystanie udost\u0119pnionych tre\u015bci i informacji. <strong>JudgeApps<\/strong> Strona oferuje mi\u0119dzy innymi:<\/p>\n\n\n\n<p>A) nie anga\u017cowa\u0107 si\u0119 w dzia\u0142alno\u015b\u0107 niezgodn\u0105 z prawem lub z zasadami dobrej wiary i porz\u0105dkiem publicznym;<br>B) Nie rozpowszechnia\u0107 propagandy ani tre\u015bci o charakterze rasistowskim, ksenofobicznym, zwi\u0105zanych z zak\u0142adami bukmacherskimi online, hazardem, nielegaln\u0105 pornografi\u0105, pod\u017ceganiem do terroryzmu lub naruszeniami praw cz\u0142owieka;<br>C) Nie powodowa\u0107 uszkodze\u0144 system\u00f3w fizycznych (sprz\u0119towych) i logicznych (programowych) <strong>JudgeApps<\/strong>, od swoich dostawc\u00f3w lub os\u00f3b trzecich;<br>D) Nie wprowadzaj i nie rozpowszechniaj wirus\u00f3w komputerowych ani \u017cadnych innych system\u00f3w mog\u0105cych wyrz\u0105dzi\u0107 szkody.<\/p>\n\n\n\n<hr class=\"wp-block-separator has-alpha-channel-opacity\"\/>\n\n\n\n<h2 class=\"wp-block-heading\">Blokowanie plik\u00f3w cookie<\/h2>\n\n\n\n<p>U\u017cytkownicy mog\u0105 w ka\u017cdej chwili zablokowa\u0107 i\/lub wy\u0142\u0105czy\u0107 obs\u0142ug\u0119 plik\u00f3w cookie z dowolnej witryny internetowej, w tym naszej. Aby to zrobi\u0107, wystarczy przej\u015b\u0107 do ustawie\u0144 przegl\u0105darki.<br>Poni\u017cej znajduj\u0105 si\u0119 przewodniki pomocy dotycz\u0105ce g\u0142\u00f3wnych przegl\u0105darek:<\/p>\n\n\n\n<ul class=\"wp-block-list\">\n<li><a>Google Chrome<\/a><\/li>\n\n\n\n<li><a href=\"https:\/\/support.mozilla.org\/pt-BR\/kb\/protecao-aprimorada-contra-rastreamento-firefox-desktop\">Firefox<\/a><\/li>\n\n\n\n<li><a>Microsoft Edge<\/a><\/li>\n\n\n\n<li><a>Opera<\/a><\/li>\n\n\n\n<li><a>Safari<\/a><\/li>\n<\/ul>\n\n\n\n<hr class=\"wp-block-separator has-alpha-channel-opacity\"\/>\n\n\n\n<h2 class=\"wp-block-heading\">Wi\u0119cej informacji<\/h2>\n\n\n\n<p>Mamy nadziej\u0119, \u017ce niniejsza polityka wyja\u015bni\u0142a Twoje w\u0105tpliwo\u015bci.<br>Jak wspomniano wcze\u015bniej, je\u015bli nie masz pewno\u015bci, czy czego\u015b potrzebujesz, bezpieczniej jest pozostawi\u0107 obs\u0142ug\u0119 plik\u00f3w cookie w\u0142\u0105czon\u0105, poniewa\u017c mog\u0105 one oddzia\u0142ywa\u0107 na funkcje, z kt\u00f3rych korzystasz na stronie.<\/p>\n\n\n\n<p>Ta strona internetowa jest obs\u0142ugiwana przez <strong>G MATTUCCI ONLINE ENTERPRISES LTDA<\/strong>, zarejestrowany w <strong>CNPJ nr 33.750.272\/0001-68<\/strong>.<br>Je\u015bli masz jakiekolwiek pytania, pro\u015bby lub w\u0105tpliwo\u015bci zwi\u0105zane z niniejsz\u0105 Polityk\u0105 prywatno\u015bci, skontaktuj si\u0119 z nami za po\u015brednictwem poczty elektronicznej: <strong><a>gino@matterads.com<\/a><\/strong>.<\/p>","protected":false},"excerpt":{"rendered":"<p>A sua privacidade \u00e9 importante para n\u00f3s. \u00c9 pol\u00edtica do JudgeApps respeitar a sua privacidade em rela\u00e7\u00e3o a qualquer informa\u00e7\u00e3o que possamos&#8230;<\/p>","protected":false},"author":1,"featured_media":0,"parent":0,"menu_order":0,"comment_status":"closed","ping_status":"open","template":"","meta":{"footnotes":""},"class_list":["post-3","page","type-page","status-publish","hentry","entry"],"yoast_head":"<!-- This site is optimized with the Yoast SEO plugin v27.2 - https:\/\/yoast.com\/product\/yoast-seo-wordpress\/ -->\n<title>Pol\u00edtica de Privacidade - Judge Apps<\/title>\n<meta name=\"robots\" content=\"index, follow, max-snippet:-1, max-image-preview:large, max-video-preview:-1\" \/>\n<link rel=\"canonical\" href=\"https:\/\/judgeapps.com\/pl\/privacy-policy\/\" \/>\n<meta property=\"og:locale\" content=\"pl_PL\" \/>\n<meta property=\"og:type\" content=\"article\" \/>\n<meta property=\"og:title\" content=\"Pol\u00edtica de Privacidade - Judge Apps\" \/>\n<meta property=\"og:description\" content=\"A sua privacidade \u00e9 importante para n\u00f3s. \u00c9 pol\u00edtica do JudgeApps respeitar a sua privacidade em rela\u00e7\u00e3o a qualquer informa\u00e7\u00e3o que possamos...\" \/>\n<meta property=\"og:url\" content=\"https:\/\/judgeapps.com\/pl\/privacy-policy\/\" \/>\n<meta property=\"og:site_name\" content=\"Judge Apps\" \/>\n<meta property=\"article:modified_time\" content=\"2025-12-09T19:00:44+00:00\" \/>\n<meta name=\"twitter:card\" content=\"summary_large_image\" \/>\n<meta name=\"twitter:label1\" content=\"Szacowany czas czytania\" \/>\n\t<meta name=\"twitter:data1\" content=\"6 minut\" \/>\n<script type=\"application\/ld+json\" class=\"yoast-schema-graph\">{\"@context\":\"https:\/\/schema.org\",\"@graph\":[{\"@type\":\"WebPage\",\"@id\":\"https:\/\/judgeapps.com\/privacy-policy\/\",\"url\":\"https:\/\/judgeapps.com\/privacy-policy\/\",\"name\":\"Pol\u00edtica de Privacidade - Judge Apps\",\"isPartOf\":{\"@id\":\"https:\/\/judgeapps.com\/en\/#website\"},\"datePublished\":\"2023-11-05T18:05:42+00:00\",\"dateModified\":\"2025-12-09T19:00:44+00:00\",\"breadcrumb\":{\"@id\":\"https:\/\/judgeapps.com\/privacy-policy\/#breadcrumb\"},\"inLanguage\":\"pl-PL\",\"potentialAction\":[{\"@type\":\"ReadAction\",\"target\":[\"https:\/\/judgeapps.com\/privacy-policy\/\"]}]},{\"@type\":\"BreadcrumbList\",\"@id\":\"https:\/\/judgeapps.com\/privacy-policy\/#breadcrumb\",\"itemListElement\":[{\"@type\":\"ListItem\",\"position\":1,\"name\":\"Home\",\"item\":\"https:\/\/judgeapps.com\/en\/\"},{\"@type\":\"ListItem\",\"position\":2,\"name\":\"Pol\u00edtica de Privacidade\"}]},{\"@type\":\"WebSite\",\"@id\":\"https:\/\/judgeapps.com\/en\/#website\",\"url\":\"https:\/\/judgeapps.com\/en\/\",\"name\":\"Judge Apps\",\"description\":\"\",\"publisher\":{\"@id\":\"https:\/\/judgeapps.com\/en\/#organization\"},\"potentialAction\":[{\"@type\":\"SearchAction\",\"target\":{\"@type\":\"EntryPoint\",\"urlTemplate\":\"https:\/\/judgeapps.com\/en\/?s={search_term_string}\"},\"query-input\":{\"@type\":\"PropertyValueSpecification\",\"valueRequired\":true,\"valueName\":\"search_term_string\"}}],\"inLanguage\":\"pl-PL\"},{\"@type\":\"Organization\",\"@id\":\"https:\/\/judgeapps.com\/en\/#organization\",\"name\":\"Judge Apps\",\"url\":\"https:\/\/judgeapps.com\/en\/\",\"logo\":{\"@type\":\"ImageObject\",\"inLanguage\":\"pl-PL\",\"@id\":\"https:\/\/judgeapps.com\/en\/#\/schema\/logo\/image\/\",\"url\":\"https:\/\/judgeapps.com\/wp-content\/uploads\/2023\/12\/logo21.png\",\"contentUrl\":\"https:\/\/judgeapps.com\/wp-content\/uploads\/2023\/12\/logo21.png\",\"width\":115,\"height\":40,\"caption\":\"Judge Apps\"},\"image\":{\"@id\":\"https:\/\/judgeapps.com\/en\/#\/schema\/logo\/image\/\"}}]}<\/script>\n<!-- \/ Yoast SEO plugin. -->","yoast_head_json":{"title":"Pol\u00edtica de Privacidade - Judge Apps","robots":{"index":"index","follow":"follow","max-snippet":"max-snippet:-1","max-image-preview":"max-image-preview:large","max-video-preview":"max-video-preview:-1"},"canonical":"https:\/\/judgeapps.com\/pl\/privacy-policy\/","og_locale":"pl_PL","og_type":"article","og_title":"Pol\u00edtica de Privacidade - Judge Apps","og_description":"A sua privacidade \u00e9 importante para n\u00f3s. \u00c9 pol\u00edtica do JudgeApps respeitar a sua privacidade em rela\u00e7\u00e3o a qualquer informa\u00e7\u00e3o que possamos...","og_url":"https:\/\/judgeapps.com\/pl\/privacy-policy\/","og_site_name":"Judge Apps","article_modified_time":"2025-12-09T19:00:44+00:00","twitter_card":"summary_large_image","twitter_misc":{"Szacowany czas czytania":"6 minut"},"schema":{"@context":"https:\/\/schema.org","@graph":[{"@type":"WebPage","@id":"https:\/\/judgeapps.com\/privacy-policy\/","url":"https:\/\/judgeapps.com\/privacy-policy\/","name":"Pol\u00edtica de Privacidade - Judge Apps","isPartOf":{"@id":"https:\/\/judgeapps.com\/en\/#website"},"datePublished":"2023-11-05T18:05:42+00:00","dateModified":"2025-12-09T19:00:44+00:00","breadcrumb":{"@id":"https:\/\/judgeapps.com\/privacy-policy\/#breadcrumb"},"inLanguage":"pl-PL","potentialAction":[{"@type":"ReadAction","target":["https:\/\/judgeapps.com\/privacy-policy\/"]}]},{"@type":"BreadcrumbList","@id":"https:\/\/judgeapps.com\/privacy-policy\/#breadcrumb","itemListElement":[{"@type":"ListItem","position":1,"name":"Home","item":"https:\/\/judgeapps.com\/en\/"},{"@type":"ListItem","position":2,"name":"Pol\u00edtica de Privacidade"}]},{"@type":"WebSite","@id":"https:\/\/judgeapps.com\/en\/#website","url":"https:\/\/judgeapps.com\/en\/","name":"Aplikacje s\u0119dziowskie","description":"","publisher":{"@id":"https:\/\/judgeapps.com\/en\/#organization"},"potentialAction":[{"@type":"SearchAction","target":{"@type":"EntryPoint","urlTemplate":"https:\/\/judgeapps.com\/en\/?s={search_term_string}"},"query-input":{"@type":"PropertyValueSpecification","valueRequired":true,"valueName":"search_term_string"}}],"inLanguage":"pl-PL"},{"@type":"Organization","@id":"https:\/\/judgeapps.com\/en\/#organization","name":"Aplikacje s\u0119dziowskie","url":"https:\/\/judgeapps.com\/en\/","logo":{"@type":"ImageObject","inLanguage":"pl-PL","@id":"https:\/\/judgeapps.com\/en\/#\/schema\/logo\/image\/","url":"https:\/\/judgeapps.com\/wp-content\/uploads\/2023\/12\/logo21.png","contentUrl":"https:\/\/judgeapps.com\/wp-content\/uploads\/2023\/12\/logo21.png","width":115,"height":40,"caption":"Judge Apps"},"image":{"@id":"https:\/\/judgeapps.com\/en\/#\/schema\/logo\/image\/"}}]}},"_links":{"self":[{"href":"https:\/\/judgeapps.com\/pl\/wp-json\/wp\/v2\/pages\/3","targetHints":{"allow":["GET"]}}],"collection":[{"href":"https:\/\/judgeapps.com\/pl\/wp-json\/wp\/v2\/pages"}],"about":[{"href":"https:\/\/judgeapps.com\/pl\/wp-json\/wp\/v2\/types\/page"}],"author":[{"embeddable":true,"href":"https:\/\/judgeapps.com\/pl\/wp-json\/wp\/v2\/users\/1"}],"replies":[{"embeddable":true,"href":"https:\/\/judgeapps.com\/pl\/wp-json\/wp\/v2\/comments?post=3"}],"version-history":[{"count":3,"href":"https:\/\/judgeapps.com\/pl\/wp-json\/wp\/v2\/pages\/3\/revisions"}],"predecessor-version":[{"id":3828,"href":"https:\/\/judgeapps.com\/pl\/wp-json\/wp\/v2\/pages\/3\/revisions\/3828"}],"wp:attachment":[{"href":"https:\/\/judgeapps.com\/pl\/wp-json\/wp\/v2\/media?parent=3"}],"curies":[{"name":"wp","href":"https:\/\/api.w.org\/{rel}","templated":true}]}}