{"id":3,"date":"2023-11-05T18:05:42","date_gmt":"2023-11-05T18:05:42","guid":{"rendered":"https:\/\/judgeapps.com\/?page_id=3"},"modified":"2025-12-09T16:00:44","modified_gmt":"2025-12-09T19:00:44","slug":"privacy-policy","status":"publish","type":"page","link":"https:\/\/judgeapps.com\/es\/privacy-policy\/","title":{"rendered":"pol\u00edtica de privacidad"},"content":{"rendered":"<p>A sua privacidade \u00e9 importante para n\u00f3s. \u00c9 pol\u00edtica do <strong>JuezApps<\/strong> respeitar a sua privacidade em rela\u00e7\u00e3o a qualquer informa\u00e7\u00e3o que possamos coletar durante a opera\u00e7\u00e3o do nosso site <a href=\"https:\/\/judgeapps.com\/es\/\">https:\/\/judgeapps.com<\/a> e outros sites que possu\u00edmos e operamos.<\/p>\n\n\n\n<p>Solicitamos informa\u00e7\u00f5es pessoais apenas quando realmente precisamos delas para lhe oferecer um servi\u00e7o. Fazemos isso por meios justos e legais, com o seu conhecimento e consentimento. Tamb\u00e9m informamos por que estamos coletando e como os dados ser\u00e3o utilizados.<\/p>\n\n\n\n<p>Mantemos as informa\u00e7\u00f5es coletadas apenas pelo tempo necess\u00e1rio para fornecer o servi\u00e7o solicitado. Quando armazenamos dados, protegemos utilizando meios comercialmente aceit\u00e1veis para evitar perdas, roubos, acessos n\u00e3o autorizados, divulga\u00e7\u00e3o, c\u00f3pia, uso ou modifica\u00e7\u00e3o indevida.<\/p>\n\n\n\n<p>N\u00e3o compartilhamos informa\u00e7\u00f5es de identifica\u00e7\u00e3o pessoal publicamente ou com terceiros, exceto quando exigido por lei.<\/p>\n\n\n\n<p>Nosso site pode conter links para sites externos que n\u00e3o s\u00e3o operados por n\u00f3s. Esteja ciente de que n\u00e3o temos controle sobre o conte\u00fado e as pr\u00e1ticas desses sites e n\u00e3o podemos aceitar responsabilidade por suas respectivas pol\u00edticas de privacidade.<\/p>\n\n\n\n<p>Voc\u00ea \u00e9 livre para recusar nossa solicita\u00e7\u00e3o de informa\u00e7\u00f5es pessoais, entendendo que talvez n\u00e3o possamos fornecer alguns dos servi\u00e7os desejados.<\/p>\n\n\n\n<p>O uso cont\u00ednuo do nosso site ser\u00e1 considerado como aceita\u00e7\u00e3o de nossas pr\u00e1ticas em rela\u00e7\u00e3o \u00e0 privacidade e informa\u00e7\u00f5es pessoais. Caso tenha d\u00favidas sobre como tratamos dados e informa\u00e7\u00f5es pessoais, entre em contato conosco.<\/p>\n\n\n\n<hr class=\"wp-block-separator has-alpha-channel-opacity\"\/>\n\n\n\n<h2 class=\"wp-block-heading\">Seguran\u00e7a e Confiabilidade do Site JudgeApps<\/h2>\n\n\n\n<p>O site <strong>JuezApps<\/strong> \u00e9 seguro e confi\u00e1vel para navega\u00e7\u00e3o dos usu\u00e1rios, conforme verificado por verifica\u00e7\u00f5es de seguran\u00e7a. A p\u00e1gina \u00e9 revisada periodicamente para identificar poss\u00edveis problemas de seguran\u00e7a. A navega\u00e7\u00e3o verificada por ferramentas de seguran\u00e7a, como o Google Safe Browsing, indica que o site \u00e9 seguro.<\/p>\n\n\n\n<hr class=\"wp-block-separator has-alpha-channel-opacity\"\/>\n\n\n\n<h2 class=\"wp-block-heading\">Pol\u00edtica de Cookies do JudgeApps<\/h2>\n\n\n\n<h3 class=\"wp-block-heading\">O que s\u00e3o cookies?<\/h3>\n\n\n\n<p>Como \u00e9 pr\u00e1tica comum em quase todos os sites profissionais, este site utiliza cookies \u2014 pequenos arquivos baixados no seu computador \u2014 para melhorar sua experi\u00eancia. Esta p\u00e1gina descreve quais informa\u00e7\u00f5es eles coletam, como as utilizamos e por que \u00e0s vezes \u00e9 necess\u00e1rio armazenar esses cookies. Tamb\u00e9m explicamos como voc\u00ea pode impedir o armazenamento desses cookies, embora isso possa afetar ou \u201cquebrar\u201d certas funcionalidades do site.<\/p>\n\n\n\n<hr class=\"wp-block-separator has-alpha-channel-opacity\"\/>\n\n\n\n<h3 class=\"wp-block-heading\">Como utilizamos cookies<\/h3>\n\n\n\n<p>Utilizamos cookies por diversos motivos detalhados abaixo. Infelizmente, na maioria dos casos, n\u00e3o existem op\u00e7\u00f5es padr\u00e3o do setor para desativar cookies sem desativar completamente as funcionalidades e recursos que eles adicionam ao site. \u00c9 recomend\u00e1vel que voc\u00ea mantenha todos os cookies ativados, a menos que tenha certeza de que n\u00e3o precisa deles, pois podem ser necess\u00e1rios para fornecer algum servi\u00e7o que voc\u00ea utiliza.<\/p>\n\n\n\n<hr class=\"wp-block-separator has-alpha-channel-opacity\"\/>\n\n\n\n<h3 class=\"wp-block-heading\">Desativando cookies<\/h3>\n\n\n\n<p>Voc\u00ea pode impedir a configura\u00e7\u00e3o de cookies ajustando as configura\u00e7\u00f5es do seu navegador (consulte a se\u00e7\u00e3o \u201cAjuda\u201d do seu navegador para saber como fazer isso). No entanto, esteja ciente de que desativar cookies afetar\u00e1 a funcionalidade deste e de muitos outros sites que voc\u00ea visita. Desativar cookies geralmente resulta na desativa\u00e7\u00e3o de certas funcionalidades e recursos do site. Portanto, recomendamos que voc\u00ea n\u00e3o os desative.<\/p>\n\n\n\n<hr class=\"wp-block-separator has-alpha-channel-opacity\"\/>\n\n\n\n<h3 class=\"wp-block-heading\">Cookies que utilizamos<\/h3>\n\n\n\n<p><strong>Cookies relacionados \u00e0 conta<\/strong><br>Se voc\u00ea criar uma conta conosco, utilizaremos cookies para o gerenciamento do processo de inscri\u00e7\u00e3o e administra\u00e7\u00e3o geral. Esses cookies s\u00e3o normalmente exclu\u00eddos ao sair da conta, mas em alguns casos podem permanecer para lembrar suas prefer\u00eancias quando desconectado.<\/p>\n\n\n\n<p><strong>Cookies de login<\/strong><br>Utilizamos cookies quando voc\u00ea faz login, para podermos lembrar essa a\u00e7\u00e3o. Isso evita que voc\u00ea precise fazer login sempre que visitar uma nova p\u00e1gina. Esses cookies s\u00e3o geralmente removidos ou limpos ao sair, garantindo que o acesso a \u00e1reas restritas s\u00f3 ocorra quando estiver logado.<\/p>\n\n\n\n<p><strong>Cookies de newsletter<\/strong><br>Este site pode oferecer servi\u00e7os de assinatura de newsletter ou e-mails informativos, e cookies podem ser usados para lembrar se voc\u00ea j\u00e1 est\u00e1 inscrito e se deve ou n\u00e3o exibir determinadas notifica\u00e7\u00f5es v\u00e1lidas apenas para usu\u00e1rios inscritos ou n\u00e3o inscritos.<\/p>\n\n\n\n<p><strong>Cookies de processamento de pedidos<\/strong><br>Caso o site ofere\u00e7a funcionalidades de pagamento ou e-commerce, alguns cookies s\u00e3o essenciais para garantir que o seu pedido seja lembrado entre as p\u00e1ginas, permitindo o processamento adequado.<\/p>\n\n\n\n<p><strong>Cookies de pesquisas<\/strong><br>Periodicamente, podemos oferecer pesquisas e question\u00e1rios para fornecer insights \u00fateis ou entender melhor nossa base de usu\u00e1rios. Esses cookies podem lembrar quem j\u00e1 participou de uma pesquisa ou fornecer resultados precisos ao navegar entre p\u00e1ginas.<\/p>\n\n\n\n<p><strong>Cookies de formul\u00e1rios<\/strong><br>Ao enviar dados por meio de formul\u00e1rios (como os de contato ou coment\u00e1rios), cookies podem ser configurados para lembrar suas informa\u00e7\u00f5es de usu\u00e1rio para futuras intera\u00e7\u00f5es.<\/p>\n\n\n\n<p><strong>Cookies de prefer\u00eancias do site<\/strong><br>Para oferecer uma \u00f3tima experi\u00eancia, permitimos que voc\u00ea defina suas prefer\u00eancias sobre como o site funciona. Para lembrar essas prefer\u00eancias, precisamos definir cookies que armazenem essas informa\u00e7\u00f5es, de modo que sejam aplicadas automaticamente ao interagir novamente com o site.<\/p>\n\n\n\n<hr class=\"wp-block-separator has-alpha-channel-opacity\"\/>\n\n\n\n<h3 class=\"wp-block-heading\">Cookies de terceros<\/h3>\n\n\n\n<p>Em alguns casos especiais, tamb\u00e9m utilizamos cookies fornecidos por terceiros confi\u00e1veis.<br>Por exemplo, este site utiliza o <strong>Google Analytics<\/strong>, uma das ferramentas de an\u00e1lise mais utilizadas e confi\u00e1veis da internet, que nos ajuda a entender como voc\u00ea usa o site e como podemos melhorar sua experi\u00eancia. Esses cookies podem rastrear quanto tempo voc\u00ea passa no site e as p\u00e1ginas visitadas, ajudando-nos a produzir conte\u00fado mais relevante.<\/p>\n\n\n\n<p>Para mais informa\u00e7\u00f5es sobre cookies do Google Analytics, consulte a <a href=\"https:\/\/www.google.com\/settings\/ads\">p\u00e1gina oficial do Google Analytics.<\/a><\/p>\n\n\n\n<p>Ferramentas de an\u00e1lise de terceiros s\u00e3o usadas para medir o uso deste site, permitindo que possamos oferecer sempre uma melhor experi\u00eancia.<br>Al\u00e9m disso, testamos novos recursos e fazemos pequenas altera\u00e7\u00f5es na forma como o site \u00e9 apresentado. Durante esses testes, os cookies podem ser utilizados para garantir uma experi\u00eancia consistente e entender quais otimiza\u00e7\u00f5es os usu\u00e1rios preferem.<\/p>\n\n\n\n<p>Como podemos oferecer produtos ou servi\u00e7os, \u00e9 importante entender estat\u00edsticas sobre quantos visitantes realmente realizam a\u00e7\u00f5es no site. Esses dados nos ajudam a tomar decis\u00f5es estrat\u00e9gicas e a ajustar nossos custos de publicidade, garantindo sempre a melhor experi\u00eancia poss\u00edvel ao usu\u00e1rio.<\/p>\n\n\n\n<hr class=\"wp-block-separator has-alpha-channel-opacity\"\/>\n\n\n\n<h2 class=\"wp-block-heading\">Compromisso do Usu\u00e1rio<\/h2>\n\n\n\n<p>O usu\u00e1rio compromete-se a fazer uso adequado do conte\u00fado e das informa\u00e7\u00f5es que o <strong>JuezApps<\/strong> oferece no site, incluindo, mas n\u00e3o se limitando a:<\/p>\n\n\n\n<p>A) N\u00e3o realizar atividades ilegais ou contr\u00e1rias \u00e0 boa-f\u00e9 e \u00e0 ordem p\u00fablica;<br>B) N\u00e3o divulgar propaganda ou conte\u00fado de natureza racista, xenof\u00f3bica, de apostas online, jogos de azar, pornografia ilegal, apologia ao terrorismo ou contra os direitos humanos;<br>C) N\u00e3o causar danos aos sistemas f\u00edsicos (hardware) e l\u00f3gicos (software) do <strong>JuezApps<\/strong>, de seus fornecedores ou terceiros;<br>D) N\u00e3o introduzir ou disseminar v\u00edrus de computador ou quaisquer outros sistemas capazes de causar danos.<\/p>\n\n\n\n<hr class=\"wp-block-separator has-alpha-channel-opacity\"\/>\n\n\n\n<h2 class=\"wp-block-heading\">Bloqueio de Cookies<\/h2>\n\n\n\n<p>O usu\u00e1rio pode bloquear e\/ou desativar cookies de qualquer site, incluindo o nosso, a qualquer momento. Para isso, basta acessar as configura\u00e7\u00f5es do navegador.<br>Veja abaixo guias de ajuda dos principais navegadores:<\/p>\n\n\n\n<ul class=\"wp-block-list\">\n<li><a>Google Chrome<\/a><\/li>\n\n\n\n<li><a href=\"https:\/\/support.mozilla.org\/pt-BR\/kb\/protecao-aprimorada-contra-rastreamento-firefox-desktop\">Firefox<\/a><\/li>\n\n\n\n<li><a>Microsoft Edge<\/a><\/li>\n\n\n\n<li><a>Opera<\/a><\/li>\n\n\n\n<li><a>Safari<\/a><\/li>\n<\/ul>\n\n\n\n<hr class=\"wp-block-separator has-alpha-channel-opacity\"\/>\n\n\n\n<h2 class=\"wp-block-heading\">Mais Informa\u00e7\u00f5es<\/h2>\n\n\n\n<p>Esperamos que esta pol\u00edtica tenha esclarecido suas d\u00favidas.<br>Como mencionado anteriormente, se houver algo que voc\u00ea n\u00e3o tenha certeza se precisa ou n\u00e3o, \u00e9 mais seguro manter os cookies ativados, pois podem interagir com funcionalidades que voc\u00ea utiliza no site.<\/p>\n\n\n\n<p>Este site \u00e9 operado por <strong>G MATTUCCI EMPREENDIMENTOS ONLINE LTDA<\/strong>, inscrita no <strong>CNPJ n\u00ba 33.750.272\/0001-68<\/strong>.<br>Se voc\u00ea tiver d\u00favidas, solicita\u00e7\u00f5es ou preocupa\u00e7\u00f5es relacionadas a esta Pol\u00edtica de Privacidade, entre em contato conosco pelo e-mail: <strong><a>gino@matterads.com<\/a><\/strong>.<\/p>","protected":false},"excerpt":{"rendered":"<p>A sua privacidade \u00e9 importante para n\u00f3s. \u00c9 pol\u00edtica do JudgeApps respeitar a sua privacidade em rela\u00e7\u00e3o a qualquer informa\u00e7\u00e3o que possamos&#8230;<\/p>","protected":false},"author":1,"featured_media":0,"parent":0,"menu_order":0,"comment_status":"closed","ping_status":"open","template":"","meta":{"footnotes":""},"class_list":["post-3","page","type-page","status-publish","hentry","entry"],"yoast_head":"<!-- This site is optimized with the Yoast SEO plugin v27.2 - https:\/\/yoast.com\/product\/yoast-seo-wordpress\/ -->\n<title>Pol\u00edtica de Privacidade - Judge Apps<\/title>\n<meta name=\"robots\" content=\"index, follow, max-snippet:-1, max-image-preview:large, max-video-preview:-1\" \/>\n<link rel=\"canonical\" href=\"https:\/\/judgeapps.com\/es\/privacy-policy\/\" \/>\n<meta property=\"og:locale\" content=\"es_ES\" \/>\n<meta property=\"og:type\" content=\"article\" \/>\n<meta property=\"og:title\" content=\"Pol\u00edtica de Privacidade - Judge Apps\" \/>\n<meta property=\"og:description\" content=\"A sua privacidade \u00e9 importante para n\u00f3s. \u00c9 pol\u00edtica do JudgeApps respeitar a sua privacidade em rela\u00e7\u00e3o a qualquer informa\u00e7\u00e3o que possamos...\" \/>\n<meta property=\"og:url\" content=\"https:\/\/judgeapps.com\/es\/privacy-policy\/\" \/>\n<meta property=\"og:site_name\" content=\"Judge Apps\" \/>\n<meta property=\"article:modified_time\" content=\"2025-12-09T19:00:44+00:00\" \/>\n<meta name=\"twitter:card\" content=\"summary_large_image\" \/>\n<meta name=\"twitter:label1\" content=\"Tiempo de lectura\" \/>\n\t<meta name=\"twitter:data1\" content=\"6 minutos\" \/>\n<script type=\"application\/ld+json\" class=\"yoast-schema-graph\">{\"@context\":\"https:\/\/schema.org\",\"@graph\":[{\"@type\":\"WebPage\",\"@id\":\"https:\/\/judgeapps.com\/privacy-policy\/\",\"url\":\"https:\/\/judgeapps.com\/privacy-policy\/\",\"name\":\"Pol\u00edtica de Privacidade - Judge Apps\",\"isPartOf\":{\"@id\":\"https:\/\/judgeapps.com\/en\/#website\"},\"datePublished\":\"2023-11-05T18:05:42+00:00\",\"dateModified\":\"2025-12-09T19:00:44+00:00\",\"breadcrumb\":{\"@id\":\"https:\/\/judgeapps.com\/privacy-policy\/#breadcrumb\"},\"inLanguage\":\"es\",\"potentialAction\":[{\"@type\":\"ReadAction\",\"target\":[\"https:\/\/judgeapps.com\/privacy-policy\/\"]}]},{\"@type\":\"BreadcrumbList\",\"@id\":\"https:\/\/judgeapps.com\/privacy-policy\/#breadcrumb\",\"itemListElement\":[{\"@type\":\"ListItem\",\"position\":1,\"name\":\"Home\",\"item\":\"https:\/\/judgeapps.com\/en\/\"},{\"@type\":\"ListItem\",\"position\":2,\"name\":\"Pol\u00edtica de Privacidade\"}]},{\"@type\":\"WebSite\",\"@id\":\"https:\/\/judgeapps.com\/en\/#website\",\"url\":\"https:\/\/judgeapps.com\/en\/\",\"name\":\"Judge Apps\",\"description\":\"\",\"publisher\":{\"@id\":\"https:\/\/judgeapps.com\/en\/#organization\"},\"potentialAction\":[{\"@type\":\"SearchAction\",\"target\":{\"@type\":\"EntryPoint\",\"urlTemplate\":\"https:\/\/judgeapps.com\/en\/?s={search_term_string}\"},\"query-input\":{\"@type\":\"PropertyValueSpecification\",\"valueRequired\":true,\"valueName\":\"search_term_string\"}}],\"inLanguage\":\"es\"},{\"@type\":\"Organization\",\"@id\":\"https:\/\/judgeapps.com\/en\/#organization\",\"name\":\"Judge Apps\",\"url\":\"https:\/\/judgeapps.com\/en\/\",\"logo\":{\"@type\":\"ImageObject\",\"inLanguage\":\"es\",\"@id\":\"https:\/\/judgeapps.com\/en\/#\/schema\/logo\/image\/\",\"url\":\"https:\/\/judgeapps.com\/wp-content\/uploads\/2023\/12\/logo21.png\",\"contentUrl\":\"https:\/\/judgeapps.com\/wp-content\/uploads\/2023\/12\/logo21.png\",\"width\":115,\"height\":40,\"caption\":\"Judge Apps\"},\"image\":{\"@id\":\"https:\/\/judgeapps.com\/en\/#\/schema\/logo\/image\/\"}}]}<\/script>\n<!-- \/ Yoast SEO plugin. -->","yoast_head_json":{"title":"Pol\u00edtica de Privacidade - Judge Apps","robots":{"index":"index","follow":"follow","max-snippet":"max-snippet:-1","max-image-preview":"max-image-preview:large","max-video-preview":"max-video-preview:-1"},"canonical":"https:\/\/judgeapps.com\/es\/privacy-policy\/","og_locale":"es_ES","og_type":"article","og_title":"Pol\u00edtica de Privacidade - Judge Apps","og_description":"A sua privacidade \u00e9 importante para n\u00f3s. \u00c9 pol\u00edtica do JudgeApps respeitar a sua privacidade em rela\u00e7\u00e3o a qualquer informa\u00e7\u00e3o que possamos...","og_url":"https:\/\/judgeapps.com\/es\/privacy-policy\/","og_site_name":"Judge Apps","article_modified_time":"2025-12-09T19:00:44+00:00","twitter_card":"summary_large_image","twitter_misc":{"Tiempo de lectura":"6 minutos"},"schema":{"@context":"https:\/\/schema.org","@graph":[{"@type":"WebPage","@id":"https:\/\/judgeapps.com\/privacy-policy\/","url":"https:\/\/judgeapps.com\/privacy-policy\/","name":"Pol\u00edtica de Privacidade - Judge Apps","isPartOf":{"@id":"https:\/\/judgeapps.com\/en\/#website"},"datePublished":"2023-11-05T18:05:42+00:00","dateModified":"2025-12-09T19:00:44+00:00","breadcrumb":{"@id":"https:\/\/judgeapps.com\/privacy-policy\/#breadcrumb"},"inLanguage":"es","potentialAction":[{"@type":"ReadAction","target":["https:\/\/judgeapps.com\/privacy-policy\/"]}]},{"@type":"BreadcrumbList","@id":"https:\/\/judgeapps.com\/privacy-policy\/#breadcrumb","itemListElement":[{"@type":"ListItem","position":1,"name":"Home","item":"https:\/\/judgeapps.com\/en\/"},{"@type":"ListItem","position":2,"name":"Pol\u00edtica de Privacidade"}]},{"@type":"WebSite","@id":"https:\/\/judgeapps.com\/en\/#website","url":"https:\/\/judgeapps.com\/en\/","name":"Aplicaciones para jueces","description":"","publisher":{"@id":"https:\/\/judgeapps.com\/en\/#organization"},"potentialAction":[{"@type":"SearchAction","target":{"@type":"EntryPoint","urlTemplate":"https:\/\/judgeapps.com\/en\/?s={search_term_string}"},"query-input":{"@type":"PropertyValueSpecification","valueRequired":true,"valueName":"search_term_string"}}],"inLanguage":"es"},{"@type":"Organization","@id":"https:\/\/judgeapps.com\/en\/#organization","name":"Aplicaciones para jueces","url":"https:\/\/judgeapps.com\/en\/","logo":{"@type":"ImageObject","inLanguage":"es","@id":"https:\/\/judgeapps.com\/en\/#\/schema\/logo\/image\/","url":"https:\/\/judgeapps.com\/wp-content\/uploads\/2023\/12\/logo21.png","contentUrl":"https:\/\/judgeapps.com\/wp-content\/uploads\/2023\/12\/logo21.png","width":115,"height":40,"caption":"Judge Apps"},"image":{"@id":"https:\/\/judgeapps.com\/en\/#\/schema\/logo\/image\/"}}]}},"_links":{"self":[{"href":"https:\/\/judgeapps.com\/es\/wp-json\/wp\/v2\/pages\/3","targetHints":{"allow":["GET"]}}],"collection":[{"href":"https:\/\/judgeapps.com\/es\/wp-json\/wp\/v2\/pages"}],"about":[{"href":"https:\/\/judgeapps.com\/es\/wp-json\/wp\/v2\/types\/page"}],"author":[{"embeddable":true,"href":"https:\/\/judgeapps.com\/es\/wp-json\/wp\/v2\/users\/1"}],"replies":[{"embeddable":true,"href":"https:\/\/judgeapps.com\/es\/wp-json\/wp\/v2\/comments?post=3"}],"version-history":[{"count":3,"href":"https:\/\/judgeapps.com\/es\/wp-json\/wp\/v2\/pages\/3\/revisions"}],"predecessor-version":[{"id":3828,"href":"https:\/\/judgeapps.com\/es\/wp-json\/wp\/v2\/pages\/3\/revisions\/3828"}],"wp:attachment":[{"href":"https:\/\/judgeapps.com\/es\/wp-json\/wp\/v2\/media?parent=3"}],"curies":[{"name":"wp","href":"https:\/\/api.w.org\/{rel}","templated":true}]}}